{"id":3350,"date":"2020-03-18T16:48:38","date_gmt":"2020-03-18T15:48:38","guid":{"rendered":"https:\/\/servicios.gestion-de-patrimonios.com\/?page_id=3350"},"modified":"2022-05-10T09:02:06","modified_gmt":"2022-05-10T09:02:06","slug":"restablecer-contrasena","status":"publish","type":"page","link":"https:\/\/gpmsv.com\/gestionpatrimonios\/restablecer-contrasena\/","title":{"rendered":"Restrablecer contrase\u00f1a"},"content":{"rendered":"\n<div id=\"frm-reset-password-0\" class=\"frm_forms with_frm_style frm_style_estilos-formidable\">\n\n\t<form id=\"lostpasswordform_0\" action=\"https:\/\/gpmsv.com\/wp-login.php?action=lostpassword\" method=\"post\" class=\"frm-show-form\">\n\n\t\t\n\t\t<div class=\"frm_form_fields\">\n\t\t\t<fieldset>\n\n\t\t\t\t<div class=\"frm_description\">\n\t\t\t\t\t<p>Por favor ingresa tu nombre de usuario o correo electr\u00f3nico. Recibir\u00e1s un enlace para crear una contrase\u00f1a nueva por correo electr\u00f3nico.<\/p>\n\t\t\t\t<\/div>\n\n\t\t\t\t<div class=\"frm_form_field form-field frm_top_container\">\n\t\t\t\t\t<label for=\"user_login_0\" class=\"frm_primary_label\">Username or Email Address\t\t\t\t\t\t<span class=\"frm_required\">*<\/span>\n\t\t\t\t\t<\/label>\n\t\t\t\t\t<input type=\"text\" id=\"user_login_0\" name=\"user_login\">\n\t\t\t\t<\/div>\n\n\t\t\t\t\n\t\t\t\t<div class=\"frm_submit\">\n\t\t\t\t\t<input value=\"Conseguir contrase\u00f1a nueva\" type=\"submit\">\n\t\t\t\t<\/div>\n\n\t\t\t<\/fieldset>\n\t\t<\/div>\n\t<\/form>\n<\/div>\n\n\n\n<p><\/p>\n","protected":false},"excerpt":{"rendered":"Por favor ingresa tu nombre de usuario o correo electr\u00f3nico. Recibir\u00e1s un enlace para crear una contrase\u00f1a nueva por correo electr\u00f3nico. Username or Email Address *","protected":false},"author":1,"featured_media":0,"parent":0,"menu_order":0,"comment_status":"closed","ping_status":"closed","template":"","meta":[],"yoast_head":"<!-- This site is optimized with the Yoast SEO plugin v19.10 - https:\/\/yoast.com\/wordpress\/plugins\/seo\/ -->\n<title>Restrablecer contrase\u00f1a - GESTION PATRIMONIOS<\/title>\n<meta name=\"robots\" content=\"noindex, follow, max-snippet:-1, max-image-preview:large, max-video-preview:-1\" \/>\n<meta property=\"og:locale\" content=\"es_ES\" \/>\n<meta property=\"og:type\" content=\"article\" \/>\n<meta property=\"og:title\" content=\"Restrablecer contrase\u00f1a - GESTION PATRIMONIOS\" \/>\n<meta property=\"og:url\" content=\"https:\/\/gpmsv.com\/gestionpatrimonios\/restablecer-contrasena\/\" \/>\n<meta property=\"og:site_name\" content=\"GESTION PATRIMONIOS\" \/>\n<meta property=\"article:modified_time\" content=\"2022-05-10T09:02:06+00:00\" \/>\n<meta name=\"twitter:card\" content=\"summary_large_image\" \/>\n<script type=\"application\/ld+json\" class=\"yoast-schema-graph\">{\"@context\":\"https:\/\/schema.org\",\"@graph\":[{\"@type\":\"WebPage\",\"@id\":\"https:\/\/gpmsv.com\/gestionpatrimonios\/restablecer-contrasena\/\",\"url\":\"https:\/\/gpmsv.com\/gestionpatrimonios\/restablecer-contrasena\/\",\"name\":\"Restrablecer contrase\u00f1a - GESTION PATRIMONIOS\",\"isPartOf\":{\"@id\":\"https:\/\/gpmsv.com\/gestionpatrimonios\/#website\"},\"datePublished\":\"2020-03-18T15:48:38+00:00\",\"dateModified\":\"2022-05-10T09:02:06+00:00\",\"breadcrumb\":{\"@id\":\"https:\/\/gpmsv.com\/gestionpatrimonios\/restablecer-contrasena\/#breadcrumb\"},\"inLanguage\":\"es\",\"potentialAction\":[{\"@type\":\"ReadAction\",\"target\":[\"https:\/\/gpmsv.com\/gestionpatrimonios\/restablecer-contrasena\/\"]}]},{\"@type\":\"BreadcrumbList\",\"@id\":\"https:\/\/gpmsv.com\/gestionpatrimonios\/restablecer-contrasena\/#breadcrumb\",\"itemListElement\":[{\"@type\":\"ListItem\",\"position\":1,\"name\":\"Home\",\"item\":\"https:\/\/gpmsv.com\/gestionpatrimonios\/\"},{\"@type\":\"ListItem\",\"position\":2,\"name\":\"Restrablecer contrase\u00f1a\"}]},{\"@type\":\"WebSite\",\"@id\":\"https:\/\/gpmsv.com\/gestionpatrimonios\/#website\",\"url\":\"https:\/\/gpmsv.com\/gestionpatrimonios\/\",\"name\":\"GESTION PATRIMONIOS\",\"description\":\"Otro sitio m\u00e1s de GPM SV\",\"potentialAction\":[{\"@type\":\"SearchAction\",\"target\":{\"@type\":\"EntryPoint\",\"urlTemplate\":\"https:\/\/gpmsv.com\/gestionpatrimonios\/?s={search_term_string}\"},\"query-input\":\"required name=search_term_string\"}],\"inLanguage\":\"es\"}]}<\/script>\n<!-- \/ Yoast SEO plugin. -->","yoast_head_json":{"title":"Restrablecer contrase\u00f1a - GESTION PATRIMONIOS","robots":{"index":"noindex","follow":"follow","max-snippet":"max-snippet:-1","max-image-preview":"max-image-preview:large","max-video-preview":"max-video-preview:-1"},"og_locale":"es_ES","og_type":"article","og_title":"Restrablecer contrase\u00f1a - GESTION PATRIMONIOS","og_url":"https:\/\/gpmsv.com\/gestionpatrimonios\/restablecer-contrasena\/","og_site_name":"GESTION PATRIMONIOS","article_modified_time":"2022-05-10T09:02:06+00:00","twitter_card":"summary_large_image","schema":{"@context":"https:\/\/schema.org","@graph":[{"@type":"WebPage","@id":"https:\/\/gpmsv.com\/gestionpatrimonios\/restablecer-contrasena\/","url":"https:\/\/gpmsv.com\/gestionpatrimonios\/restablecer-contrasena\/","name":"Restrablecer contrase\u00f1a - GESTION PATRIMONIOS","isPartOf":{"@id":"https:\/\/gpmsv.com\/gestionpatrimonios\/#website"},"datePublished":"2020-03-18T15:48:38+00:00","dateModified":"2022-05-10T09:02:06+00:00","breadcrumb":{"@id":"https:\/\/gpmsv.com\/gestionpatrimonios\/restablecer-contrasena\/#breadcrumb"},"inLanguage":"es","potentialAction":[{"@type":"ReadAction","target":["https:\/\/gpmsv.com\/gestionpatrimonios\/restablecer-contrasena\/"]}]},{"@type":"BreadcrumbList","@id":"https:\/\/gpmsv.com\/gestionpatrimonios\/restablecer-contrasena\/#breadcrumb","itemListElement":[{"@type":"ListItem","position":1,"name":"Home","item":"https:\/\/gpmsv.com\/gestionpatrimonios\/"},{"@type":"ListItem","position":2,"name":"Restrablecer contrase\u00f1a"}]},{"@type":"WebSite","@id":"https:\/\/gpmsv.com\/gestionpatrimonios\/#website","url":"https:\/\/gpmsv.com\/gestionpatrimonios\/","name":"GESTION PATRIMONIOS","description":"Otro sitio m\u00e1s de GPM SV","potentialAction":[{"@type":"SearchAction","target":{"@type":"EntryPoint","urlTemplate":"https:\/\/gpmsv.com\/gestionpatrimonios\/?s={search_term_string}"},"query-input":"required name=search_term_string"}],"inLanguage":"es"}]}},"_links":{"self":[{"href":"https:\/\/gpmsv.com\/gestionpatrimonios\/wp-json\/wp\/v2\/pages\/3350"}],"collection":[{"href":"https:\/\/gpmsv.com\/gestionpatrimonios\/wp-json\/wp\/v2\/pages"}],"about":[{"href":"https:\/\/gpmsv.com\/gestionpatrimonios\/wp-json\/wp\/v2\/types\/page"}],"author":[{"embeddable":true,"href":"https:\/\/gpmsv.com\/gestionpatrimonios\/wp-json\/wp\/v2\/users\/1"}],"replies":[{"embeddable":true,"href":"https:\/\/gpmsv.com\/gestionpatrimonios\/wp-json\/wp\/v2\/comments?post=3350"}],"version-history":[{"count":2,"href":"https:\/\/gpmsv.com\/gestionpatrimonios\/wp-json\/wp\/v2\/pages\/3350\/revisions"}],"predecessor-version":[{"id":8263,"href":"https:\/\/gpmsv.com\/gestionpatrimonios\/wp-json\/wp\/v2\/pages\/3350\/revisions\/8263"}],"wp:attachment":[{"href":"https:\/\/gpmsv.com\/gestionpatrimonios\/wp-json\/wp\/v2\/media?parent=3350"}],"curies":[{"name":"wp","href":"https:\/\/api.w.org\/{rel}","templated":true}]}}