{"id":3342,"date":"2020-03-18T13:41:37","date_gmt":"2020-03-18T12:41:37","guid":{"rendered":"https:\/\/servicios.gestion-de-patrimonios.com\/?page_id=3342"},"modified":"2022-05-10T09:39:27","modified_gmt":"2022-05-10T09:39:27","slug":"registro-gestion-de-patrimonios","status":"publish","type":"page","link":"https:\/\/gpmsv.com\/gestionpatrimonios\/registro-gestion-de-patrimonios\/","title":{"rendered":"Registro"},"content":{"rendered":"<section class=\"wpb-content-wrapper\"><p>[vc_row][vc_column][vc_column_text]<\/p>\n<div>\n<p><span style=\"text-align: justify;\">El proceso de apertura de una cuenta en GPM puede hacerlo en nuestras oficinas o por tel\u00e9fono. O si lo desea, puede realizarlo de forma on-line rellenando el formulario que le aparece a continuaci\u00f3n y siguiendo estos 4 sencillos pasos:<\/span><\/p>\n<p>&nbsp;<\/p>\n<\/div>\n<ol>\n<li><span style=\"text-align: justify;\">Completar su perfil personal incluyendo datos econ\u00f3micos y conocimientos en instrumentos financieros.<\/span><\/li>\n<li>Deber\u00e1 firmar su solicitud on-line y recibir\u00e1 (una vez aprobada su cuenta) el contrato debidamente firmado.<\/li>\n<li>Deber\u00e1 aportar y subir la documentaci\u00f3n requerida.<\/li>\n<li>Una vez verificada la documentaci\u00f3n y aprobada la cuenta, usted podr\u00e1 ingresar dinero y comenzar a operar (nunca antes de estar aprobada).<\/li>\n<\/ol>\n<div class=\"modal-body\">\n<div class=\"row\">\n<div class=\"col-md-12\" style=\"text-align: justify;\"><\/div>\n<\/div>\n<div class=\"row\">\n<div class=\"col-md-12\">\n<p>Si necesita m\u00e1s informaci\u00f3n o ayuda para completar el proceso llame al tel\u00e9fono\u00a0<span class=\"resalTxtMagenta\">913 191 684<\/span><\/p>\n<\/div>\n<\/div>\n<\/div>\n<p>[\/vc_column_text][\/vc_column][\/vc_row][vc_row][vc_column width=\u00bb1\/3&#8243;][vc_custom_heading text=\u00bb\u00bfYa tiene cuenta?\u00bb font_container=\u00bbtag:h2|text_align:center\u00bb use_theme_fonts=\u00bbyes\u00bb][vc_column_text]Si ya tiene cuenta puede iniciar sesi\u00f3n haciendo click en el siguiente bot\u00f3n[\/vc_column_text][vc_btn title=\u00bbIniciar sesi\u00f3n\u00bb shape=\u00bbrounded\u00bb align=\u00bbcenter\u00bb skin=\u00bbprimary\u00bb link=\u00bburl:https%3A%2F%2Fgpmsv.com%2Fgestionpatrimonios%2Facceder%2F|title:Acceder\u00bb][vc_text_separator title=\u00bb\u00bb][vc_custom_heading text=\u00bb\u00bfHa olvidado su contrase\u00f1a?\u00bb font_container=\u00bbtag:h2|text_align:center\u00bb use_theme_fonts=\u00bbyes\u00bb][vc_column_text]Si ha perdido su contrase\u00f1a puede recuperarla\u00a0 haciendo click en el siguiente bot\u00f3n[\/vc_column_text][vc_btn title=\u00bbRecuperar contrase\u00f1a\u00bb shape=\u00bbrounded\u00bb align=\u00bbcenter\u00bb skin=\u00bbprimary\u00bb link=\u00bburl:https%3A%2F%2Fgpmsv.com%2Fgestionpatrimonios%2Frestablecer-contrasena%2F|title:Recuperar%20contrase%C3%B1a\u00bb][\/vc_column][vc_column width=\u00bb2\/3&#8243;][vc_column_text]<\/p>\n<div class=\"frm_forms  with_frm_style frm_style_estilos-formidable\" id=\"frm_form_129_container\" >\n<form enctype=\"multipart\/form-data\" method=\"post\" class=\"frm-show-form  frm_js_validate  frm_pro_form  frm_ajax_submit \" id=\"form_usuario-registrado\"  >\n<div class=\"frm_form_fields \">\n<fieldset>\n<legend class=\"frm_hidden\">Usuario registrado<\/legend>\r\n\r\n<div class=\"frm_fields_container\">\n<input type=\"hidden\" name=\"frm_action\" value=\"create\" \/>\n<input type=\"hidden\" name=\"form_id\" value=\"129\" \/>\n<input type=\"hidden\" name=\"frm_hide_fields_129\" id=\"frm_hide_fields_129\" value=\"\" \/>\n<input type=\"hidden\" name=\"form_key\" value=\"usuario-registrado\" \/>\n<input type=\"hidden\" name=\"item_meta[0]\" value=\"\" \/>\n<input type=\"hidden\" id=\"frm_submit_entry_129\" name=\"frm_submit_entry_129\" value=\"3e1890acde\" \/><input type=\"hidden\" name=\"_wp_http_referer\" value=\"\/gestionpatrimonios\/wp-json\/wp\/v2\/pages\/3342\" \/><div id=\"frm_field_5281_container\" class=\"frm_form_field  frm_html_container form-field\">\n<h1 style=\"color:#cc0099;\">Darme de alta<\/p>\n<h1><\/div>\n<div id=\"frm_field_6775_container\" class=\"frm_form_field form-field  frm_required_field frm_top_container frm_first frm_two_thirds\">\r\n    <label for=\"field_reg_denominacion_social\" id=\"field_reg_denominacion_social_label\" class=\"frm_primary_label\">Denominaci\u00f3n Social\r\n        <span class=\"frm_required\" aria-hidden=\"true\">*<\/span>\r\n    <\/label>\r\n    <input type=\"text\" id=\"field_reg_denominacion_social\" name=\"item_meta[6775]\" value=\"\"  data-reqmsg=\"Este campo no puede estar en blanco.\" aria-required=\"true\" data-invmsg=\"Texto no es v\u00e1lido\" aria-invalid=\"false\"   aria-describedby=\"frm_desc_field_reg_denominacion_social\"\/>\r\n    <div class=\"frm_description\" id=\"frm_desc_field_reg_denominacion_social\">Escriba nombre de la empresa<\/div>\r\n    \r\n<\/div>\n<div id=\"frm_field_4147_container\" class=\"frm_form_field form-field  frm_required_field frm_top_container frm_capitalize frm_first frm_third\">\r\n    <label for=\"field_reg_nombre\" class=\"frm_primary_label\">Nombre\r\n        <span class=\"frm_required\">*<\/span>\r\n    <\/label>\r\n    <input type=\"text\" id=\"field_reg_nombre\" name=\"item_meta[4147]\" value=\"\"  data-reqmsg=\"Este campo no puede estar en blanco.\" aria-required=\"true\" data-invmsg=\"Introduzca un dato correcto\" aria-invalid=\"false\" pattern=\"([a-z, A-Z,n,\u00d1]{1,20})$\"  \/>\r\n    \r\n    \r\n<\/div>\n<div id=\"frm_field_4148_container\" class=\"frm_form_field form-field  frm_required_field frm_top_container frm_third frm_capitalize\">\r\n    <label for=\"field_reg_apellidos\" class=\"frm_primary_label\">Apellidos\r\n        <span class=\"frm_required\">*<\/span>\r\n    <\/label>\r\n    <input type=\"text\" id=\"field_reg_apellidos\" name=\"item_meta[4148]\" value=\"\"  data-reqmsg=\"Este campo no puede estar en blanco.\" aria-required=\"true\" data-invmsg=\"Introduzca un dato correcto\" aria-invalid=\"false\" pattern=\"([a-z, A-Z,n,\u00d1]{1,30})$\"  \/>\r\n    \r\n    \r\n<\/div>\n<div id=\"frm_field_4149_container\" class=\"frm_form_field form-field  frm_required_field frm_top_container frm_third\">\r\n    <label for=\"field_reg_num_tfl\" id=\"field_reg_num_tfl_label\" class=\"frm_primary_label\">Tel\u00e9fono de contacto\r\n        <span class=\"frm_required\">*<\/span>\r\n    <\/label>\r\n    <input type=\"tel\" id=\"field_reg_num_tfl\" name=\"item_meta[4149]\" value=\"\"  data-reqmsg=\"Este campo no puede estar en blanco.\" aria-required=\"true\" data-invmsg=\"Tel\u00e9fono no es v\u00e1lido\" aria-invalid=\"false\" pattern=\"((\\+\\d{1,3}(-|.| )?\\(?\\d\\)?(-| |.)?\\d{1,5})|(\\(?\\d{2,6}\\)?))(-|.| )?(\\d{3,4})(-|.| )?(\\d{4})(( x| ext)\\d{1,5}){0,1}$\"  \/>\r\n    \r\n    \r\n<\/div>\n<div id=\"frm_field_4150_container\" class=\"frm_form_field form-field  frm_required_field frm_top_container frm_first frm_half\">\r\n    <label for=\"field_reg_email\" class=\"frm_primary_label\">Correo Electr\u00f3nico \r\n        <span class=\"frm_required\">*<\/span>\r\n    <\/label>\r\n    <input type=\"email\" id=\"field_reg_email\" name=\"item_meta[4150]\" value=\"\"  data-reqmsg=\"Este campo no puede estar en blanco.\" aria-required=\"true\" data-invmsg=\"Correo electr\u00f3nico no es v\u00e1lido\" aria-invalid=\"false\"   aria-describedby=\"frm_desc_field_reg_email\"\/>\r\n    <div id=\"frm_desc_field_reg_email\" class=\"frm_description\">Introduce correo electronico<\/div>\r\n    \r\n<\/div>\n<div id=\"frm_field_conf_4150_container\" class=\"frm_form_field frm_hidden_container frm_conf_field form-field  frm_required_field frm_top_container  frm_half\">\r\n    <label for=\"field_conf_reg_email\" class=\"frm_conf_label frm_primary_label\">Confirmar Correo Electr\u00f3nico \r\n        <span class=\"frm_required\">*<\/span>\r\n    <\/label>\r\n    <input type=\"email\" id=\"field_conf_reg_email\" name=\"item_meta[conf_4150]\" value=\"\"  data-reqmsg=\"Este campo no puede estar en blanco.\" aria-required=\"true\" data-confmsg=\"Los valores introducidos no coinciden\" data-invmsg=\"Correo electr\u00f3nico no es v\u00e1lido\" aria-invalid=\"false\"   aria-describedby=\"frm_desc_field_conf_reg_email\"\/>\r\n    <div id=\"frm_desc_field_conf_reg_email\" class=\"frm_description\">Confirmar correo<\/div>\r\n    \r\n<\/div>\n<div id=\"frm_field_4151_container\" class=\"frm_form_field form-field  frm_required_field frm_top_container frm_first frm_half\">\r\n    <label for=\"field_reg_password\" class=\"frm_primary_label\">Contrase\u00f1a\r\n        <span class=\"frm_required\">*<\/span>\r\n    <\/label>\r\n    <input type=\"password\" id=\"field_reg_password\" name=\"item_meta[4151]\" value=\"\"  data-reqmsg=\"Este campo no puede estar en blanco.\" aria-required=\"true\" data-invmsg=\"La contrase\u00f1a no es v\u00e1lida\" class=\"frm_strong_pass frm_strength_meter\" aria-invalid=\"false\"  \/><div id=\"frm_password_strength_4151\" class=\"frm-password-strength\"><span id=\"frm-pass-eight-char-4151\" class=\"frm-pass-req frm_icon_font\">M\u00ednimo 8 caracteres<\/span>\r\n<span id=\"frm-pass-lowercase-4151\" class=\"frm-pass-req frm_icon_font\">1 letra min\u00fascula<\/span>\r\n<span id=\"frm-pass-uppercase-4151\" class=\"frm-pass-req frm_icon_font\">1 letra may\u00fascula<\/span>\r\n<span id=\"frm-pass-number-4151\" class=\"frm-pass-req frm_icon_font\">1 n\u00famero<\/span>\r\n<span id=\"frm-pass-special-char-4151\" class=\"frm-pass-req frm_icon_font\">1 caracter especial<\/span>\r\n<\/div>\r\n    \r\n    \r\n<\/div>\n<div id=\"frm_field_conf_4151_container\" class=\"frm_form_field frm_hidden_container frm_conf_field form-field  frm_required_field frm_top_container  frm_half\">\r\n    <label for=\"field_conf_reg_password\" class=\"frm_conf_label frm_primary_label\">Confirmar Contrase\u00f1a\r\n        <span class=\"frm_required\">*<\/span>\r\n    <\/label>\r\n    <input type=\"password\" id=\"field_conf_reg_password\" name=\"item_meta[conf_4151]\" value=\"\"  data-reqmsg=\"Este campo no puede estar en blanco.\" aria-required=\"true\" data-confmsg=\"Los valores introducidos no coinciden\" data-invmsg=\"La contrase\u00f1a no es v\u00e1lida\" class=\"frm_strong_pass frm_strength_meter\" aria-invalid=\"false\"   aria-describedby=\"frm_desc_field_conf_reg_password\"\/>\r\n    <div id=\"frm_desc_field_conf_reg_password\" class=\"frm_description\">Confirma contrase\u00f1a<\/div>\r\n    \r\n<\/div>\n<div id=\"frm_field_6326_container\" class=\"frm_form_field form-field  frm_top_container horizontal_radio\">\r\n    <div  id=\"field_tipo_cuenta_reg_label\" class=\"frm_primary_label\">Seleccione tipo de cuenta\r\n        <span class=\"frm_required\" aria-hidden=\"true\"><\/span>\r\n    <\/div>\r\n    <div class=\"frm_opt_container\" aria-labelledby=\"field_tipo_cuenta_reg_label\" role=\"group\">\t\t<div class=\"frm_radio\" id=\"frm_radio_6326-0\"><label for=\"field_tipo_cuenta_reg-0\">\t\t<input type=\"radio\" name=\"item_meta[6326]\" id=\"field_tipo_cuenta_reg-0\" value=\"1\"\n\t\tchecked=\"checked\"   data-frmval=\"1\" data-invmsg=\"Seleccione tipo de cuenta no es v\u00e1lido\" aria-invalid=\"false\"  \/> Cuenta persona f\u00edsica<\/label><\/div>\n\t\t<div class=\"frm_radio\" id=\"frm_radio_6326-1\"><label for=\"field_tipo_cuenta_reg-1\">\t\t<input type=\"radio\" name=\"item_meta[6326]\" id=\"field_tipo_cuenta_reg-1\" value=\"2\"\n\t\t   data-frmval=\"1\" data-invmsg=\"Seleccione tipo de cuenta no es v\u00e1lido\" aria-invalid=\"false\"  \/> Cuenta persona jur\u00eddica<\/label><\/div>\n<\/div>\r\n    \r\n    \r\n<\/div>\n<div id=\"frm_field_4152_container\" class=\"frm_form_field form-field  frm_top_container frm_third frm_first\">\r\n    <label for=\"field_ref\" id=\"field_ref_label\" class=\"frm_primary_label\">\u00bfC\u00f3mo nos ha conocido ?\r\n        <span class=\"frm_required\"><\/span>\r\n    <\/label>\r\n    <input type=\"text\" id=\"field_ref\" name=\"item_meta[4152]\" value=\"\"  data-invmsg=\"Texto no es v\u00e1lido\" aria-invalid=\"false\"  \/>\r\n    \r\n    \r\n<\/div>\n<div id=\"frm_field_4153_container\" class=\"frm_form_field  frm_html_container form-field\">\n<hr>\n<\/div>\n<div id=\"frm_field_4155_container\" class=\"frm_form_field form-field  frm_top_container frm12 frm_first\">\r\n    <label for=\"field_check_informacion\" id=\"field_check_informacion_label\" class=\"frm_primary_label\">Me gustar\u00eda recibir por correo electr\u00f3nico informaci\u00f3n sobre cursos, productos, servicios y eventos de Gesti\u00f3n de Patrimonios SV.\r\n        <span class=\"frm_required\"><\/span>\r\n    <\/label>\r\n    \n<div >\n    <label class=\"frm_switch_block\">\n\t\t\n\t\t<input type=\"checkbox\" name=\"item_meta[4155][]\" id=\"field_check_informacion\" value=\"Si\"\n\t\t\t\t\t\t\t\t\t data-invmsg=\"Me gustar\u00eda recibir por correo electr\u00f3nico informaci\u00f3n sobre cursos, productos, servicios y eventos de Gesti\u00f3n de Patrimonios SV. no es v\u00e1lido\" aria-invalid=\"false\"  \t\t\/>\n\n\t\t<span class=\"frm_switch\" tabindex=\"0\" role=\"switch\" aria-labelledby=\"field_check_informacion_label\" aria-checked=\"false\">\n\t\t\t<span class=\"frm_slider\"><\/span>\n\t\t<\/span>\n\n\t\t\t<\/label>\n<\/div>\n\r\n    \r\n    \r\n<\/div>\n<div id=\"frm_field_4156_container\" class=\"frm_form_field form-field  frm_required_field frm_top_container frm12 frm_first\">\r\n    <label for=\"field_check_politicas\" id=\"field_check_politicas_label\" class=\"frm_primary_label\">Acepto la <a target=\"_blank\" href=\"https:\/\/gpmsv.com\/gestionpatrimonios\/wp-content\/uploads\/sites\/3\/2022\/07\/AVISO-LEGAL-Y-POLITICA-DE-PRIVACIDAD-Y-COOKIES.pdf\">pol\u00edtica de seguridad y privacidad<\/a> de los datos \r\n        <span class=\"frm_required\">*<\/span>\r\n    <\/label>\r\n    \n<div >\n    <label class=\"frm_switch_block\">\n\t\t\n\t\t<input type=\"checkbox\" name=\"item_meta[4156][]\" id=\"field_check_politicas\" value=\"Yes\"\n\t\t\t\t\t\t\t\t\t data-reqmsg=\"Tiene que aceptar las pol\u00edticas de validaci\u00f3n\" aria-required=\"true\" data-invmsg=\"Acepto la &lt;a target=&quot;_blank&quot; href=&quot;https:\/\/gpmsv.com\/gestionpatrimonios\/wp-content\/uploads\/sites\/3\/2022\/07\/AVISO-LEGAL-Y-POLITICA-DE-PRIVACIDAD-Y-COOKIES.pdf&quot;&gt;pol\u00edtica de seguridad y privacidad&lt;\/a&gt; de los datos  no es v\u00e1lido\" aria-invalid=\"false\"  \t\t\/>\n\n\t\t<span class=\"frm_switch\" tabindex=\"0\" role=\"switch\" aria-labelledby=\"field_check_politicas_label\" aria-checked=\"false\">\n\t\t\t<span class=\"frm_slider\"><\/span>\n\t\t<\/span>\n\n\t\t\t<\/label>\n<\/div>\n\r\n    \r\n    \r\n<\/div>\n<div id=\"frm_field_5459_container\" class=\"frm_form_field form-field  frm_required_field frm_top_container frm12 frm_first\">\r\n    <label for=\"field_i69ya\" id=\"field_i69ya_label\" class=\"frm_primary_label\">He le\u00eddo la <a href=\"https:\/\/gpmsv.com\/wp-content\/uploads\/2022\/07\/INFORMACION-PRECONTRACTUAL-1.pdf\" targer=\"_blank\">informaci\u00f3n precontractual<\/a> de GPM SV\r\n        <span class=\"frm_required\">*<\/span>\r\n    <\/label>\r\n    \n<div >\n    <label class=\"frm_switch_block\">\n\t\t\n\t\t<input type=\"checkbox\" name=\"item_meta[5459][]\" id=\"field_i69ya\" value=\"Yes\"\n\t\t\t\t\t\t\t\t\t data-reqmsg=\"Tiene que aceptar las pol\u00edticas de validaci\u00f3n\" aria-required=\"true\" data-invmsg=\"He le\u00eddo la &lt;a href=&quot;https:\/\/gpmsv.com\/wp-content\/uploads\/2022\/07\/INFORMACION-PRECONTRACTUAL-1.pdf&quot; targer=&quot;_blank&quot;&gt;informaci\u00f3n precontractual&lt;\/a&gt; de GPM SV no es v\u00e1lido\" aria-invalid=\"false\"  \t\t\/>\n\n\t\t<span class=\"frm_switch\" tabindex=\"0\" role=\"switch\" aria-labelledby=\"field_i69ya_label\" aria-checked=\"false\">\n\t\t\t<span class=\"frm_slider\"><\/span>\n\t\t<\/span>\n\n\t\t\t<\/label>\n<\/div>\n\r\n    \r\n    \r\n<\/div>\n<input type=\"hidden\" name=\"item_meta[4154]\" id=\"field_a9xu9\" value=\"\"  data-invmsg=\"El reCAPTCHA no es correcto\"   \/>\n<input type=\"hidden\" name=\"item_meta[4157]\" id=\"field_zah2u\" value=\"\" data-frmval=\"\"\/>\n\t<input type=\"hidden\" name=\"item_key\" value=\"\" \/>\n\t\t\t\t<div class=\"frm_verify\" aria-hidden=\"true\">\n\t\t\t\t<label for=\"frm_email_129\">\n\t\t\t\t\tSi eres humano, deja este campo en blanco.\t\t\t\t<\/label>\n\t\t\t\t<input type=\"text\" class=\"frm_verify\" id=\"frm_email_129\" name=\"frm_verify\" value=\"\"  \/>\n\t\t\t<\/div>\n\t\t<input type=\"hidden\" name=\"frm_register[email]\" value=\"4150\"\/><input type=\"hidden\" name=\"frm_register[username]\" value=\"-1\"\/><input type=\"hidden\" name=\"frm_register[password]\" value=\"4151\"\/><input type=\"hidden\" name=\"frm_register[subsite_title]\" value=\"username\"\/><input type=\"hidden\" name=\"frm_register[subsite_domain]\" value=\"blog_title\"\/><input name=\"frm_state\" type=\"hidden\" value=\"z3XNN+NPSZpFZ5oJd0Ais81POORzrTcu4Q3A12IBEZPEjIXuts+UQm6sjHVVVGHq\" \/><div class=\"frm_submit\">\r\n\r\n<button class=\"frm_button_submit frm_final_submit\" type=\"submit\"   formnovalidate=\"formnovalidate\">Darme de alta<\/button>\r\n\r\n<\/div><\/div>\n<\/fieldset>\n<\/div>\n<p style=\"display: none !important;\"><label>&#916;<textarea name=\"ak_hp_textarea\" cols=\"45\" rows=\"8\" maxlength=\"100\"><\/textarea><\/label><input type=\"hidden\" id=\"ak_js_1\" name=\"ak_js\" value=\"106\"\/><script>document.getElementById( \"ak_js_1\" ).setAttribute( \"value\", ( new Date() ).getTime() );<\/script><\/p><\/form>\n<\/div>\n\n<p>[\/vc_column_text][\/vc_column][\/vc_row]<\/p>\n<\/section>","protected":false},"excerpt":{"rendered":"<p>[vc_row][vc_column][vc_column_text] El proceso de apertura de una cuenta en GPM puede hacerlo en nuestras oficinas o por tel\u00e9fono. O si lo desea, puede realizarlo de forma on-line rellenando el formulario que le aparece a continuaci\u00f3n y siguiendo estos 4 sencillos pasos: &nbsp; Completar su perfil personal incluyendo datos econ\u00f3micos y conocimientos en instrumentos financieros. Deber\u00e1 [&hellip;]<\/p>\n","protected":false},"author":1,"featured_media":0,"parent":0,"menu_order":0,"comment_status":"closed","ping_status":"closed","template":"","meta":[],"yoast_head":"<!-- This site is optimized with the Yoast SEO plugin v19.10 - https:\/\/yoast.com\/wordpress\/plugins\/seo\/ -->\n<title>Registro - GESTION PATRIMONIOS<\/title>\n<meta name=\"robots\" content=\"noindex, follow, max-snippet:-1, max-image-preview:large, max-video-preview:-1\" \/>\n<meta property=\"og:locale\" content=\"es_ES\" \/>\n<meta property=\"og:type\" content=\"article\" \/>\n<meta property=\"og:title\" content=\"Registro - GESTION PATRIMONIOS\" \/>\n<meta property=\"og:description\" content=\"[vc_row][vc_column][vc_column_text] El proceso de apertura de una cuenta en GPM puede hacerlo en nuestras oficinas o por tel\u00e9fono. O si lo desea, puede realizarlo de forma on-line rellenando el formulario que le aparece a continuaci\u00f3n y siguiendo estos 4 sencillos pasos: &nbsp; Completar su perfil personal incluyendo datos econ\u00f3micos y conocimientos en instrumentos financieros. Deber\u00e1 [&hellip;]\" \/>\n<meta property=\"og:url\" content=\"https:\/\/gpmsv.com\/gestionpatrimonios\/registro-gestion-de-patrimonios\/\" \/>\n<meta property=\"og:site_name\" content=\"GESTION PATRIMONIOS\" \/>\n<meta property=\"article:modified_time\" content=\"2022-05-10T09:39:27+00:00\" \/>\n<meta name=\"twitter:card\" content=\"summary_large_image\" \/>\n<meta name=\"twitter:label1\" content=\"Tiempo de lectura\" \/>\n\t<meta name=\"twitter:data1\" content=\"1 minuto\" \/>\n<script type=\"application\/ld+json\" class=\"yoast-schema-graph\">{\"@context\":\"https:\/\/schema.org\",\"@graph\":[{\"@type\":\"WebPage\",\"@id\":\"https:\/\/gpmsv.com\/gestionpatrimonios\/registro-gestion-de-patrimonios\/\",\"url\":\"https:\/\/gpmsv.com\/gestionpatrimonios\/registro-gestion-de-patrimonios\/\",\"name\":\"Registro - GESTION PATRIMONIOS\",\"isPartOf\":{\"@id\":\"https:\/\/gpmsv.com\/gestionpatrimonios\/#website\"},\"datePublished\":\"2020-03-18T12:41:37+00:00\",\"dateModified\":\"2022-05-10T09:39:27+00:00\",\"breadcrumb\":{\"@id\":\"https:\/\/gpmsv.com\/gestionpatrimonios\/registro-gestion-de-patrimonios\/#breadcrumb\"},\"inLanguage\":\"es\",\"potentialAction\":[{\"@type\":\"ReadAction\",\"target\":[\"https:\/\/gpmsv.com\/gestionpatrimonios\/registro-gestion-de-patrimonios\/\"]}]},{\"@type\":\"BreadcrumbList\",\"@id\":\"https:\/\/gpmsv.com\/gestionpatrimonios\/registro-gestion-de-patrimonios\/#breadcrumb\",\"itemListElement\":[{\"@type\":\"ListItem\",\"position\":1,\"name\":\"Home\",\"item\":\"https:\/\/gpmsv.com\/gestionpatrimonios\/\"},{\"@type\":\"ListItem\",\"position\":2,\"name\":\"Registro\"}]},{\"@type\":\"WebSite\",\"@id\":\"https:\/\/gpmsv.com\/gestionpatrimonios\/#website\",\"url\":\"https:\/\/gpmsv.com\/gestionpatrimonios\/\",\"name\":\"GESTION PATRIMONIOS\",\"description\":\"Otro sitio m\u00e1s de GPM SV\",\"potentialAction\":[{\"@type\":\"SearchAction\",\"target\":{\"@type\":\"EntryPoint\",\"urlTemplate\":\"https:\/\/gpmsv.com\/gestionpatrimonios\/?s={search_term_string}\"},\"query-input\":\"required name=search_term_string\"}],\"inLanguage\":\"es\"}]}<\/script>\n<!-- \/ Yoast SEO plugin. -->","yoast_head_json":{"title":"Registro - GESTION PATRIMONIOS","robots":{"index":"noindex","follow":"follow","max-snippet":"max-snippet:-1","max-image-preview":"max-image-preview:large","max-video-preview":"max-video-preview:-1"},"og_locale":"es_ES","og_type":"article","og_title":"Registro - GESTION PATRIMONIOS","og_description":"[vc_row][vc_column][vc_column_text] El proceso de apertura de una cuenta en GPM puede hacerlo en nuestras oficinas o por tel\u00e9fono. O si lo desea, puede realizarlo de forma on-line rellenando el formulario que le aparece a continuaci\u00f3n y siguiendo estos 4 sencillos pasos: &nbsp; Completar su perfil personal incluyendo datos econ\u00f3micos y conocimientos en instrumentos financieros. Deber\u00e1 [&hellip;]","og_url":"https:\/\/gpmsv.com\/gestionpatrimonios\/registro-gestion-de-patrimonios\/","og_site_name":"GESTION PATRIMONIOS","article_modified_time":"2022-05-10T09:39:27+00:00","twitter_card":"summary_large_image","twitter_misc":{"Tiempo de lectura":"1 minuto"},"schema":{"@context":"https:\/\/schema.org","@graph":[{"@type":"WebPage","@id":"https:\/\/gpmsv.com\/gestionpatrimonios\/registro-gestion-de-patrimonios\/","url":"https:\/\/gpmsv.com\/gestionpatrimonios\/registro-gestion-de-patrimonios\/","name":"Registro - GESTION PATRIMONIOS","isPartOf":{"@id":"https:\/\/gpmsv.com\/gestionpatrimonios\/#website"},"datePublished":"2020-03-18T12:41:37+00:00","dateModified":"2022-05-10T09:39:27+00:00","breadcrumb":{"@id":"https:\/\/gpmsv.com\/gestionpatrimonios\/registro-gestion-de-patrimonios\/#breadcrumb"},"inLanguage":"es","potentialAction":[{"@type":"ReadAction","target":["https:\/\/gpmsv.com\/gestionpatrimonios\/registro-gestion-de-patrimonios\/"]}]},{"@type":"BreadcrumbList","@id":"https:\/\/gpmsv.com\/gestionpatrimonios\/registro-gestion-de-patrimonios\/#breadcrumb","itemListElement":[{"@type":"ListItem","position":1,"name":"Home","item":"https:\/\/gpmsv.com\/gestionpatrimonios\/"},{"@type":"ListItem","position":2,"name":"Registro"}]},{"@type":"WebSite","@id":"https:\/\/gpmsv.com\/gestionpatrimonios\/#website","url":"https:\/\/gpmsv.com\/gestionpatrimonios\/","name":"GESTION PATRIMONIOS","description":"Otro sitio m\u00e1s de GPM SV","potentialAction":[{"@type":"SearchAction","target":{"@type":"EntryPoint","urlTemplate":"https:\/\/gpmsv.com\/gestionpatrimonios\/?s={search_term_string}"},"query-input":"required name=search_term_string"}],"inLanguage":"es"}]}},"_links":{"self":[{"href":"https:\/\/gpmsv.com\/gestionpatrimonios\/wp-json\/wp\/v2\/pages\/3342"}],"collection":[{"href":"https:\/\/gpmsv.com\/gestionpatrimonios\/wp-json\/wp\/v2\/pages"}],"about":[{"href":"https:\/\/gpmsv.com\/gestionpatrimonios\/wp-json\/wp\/v2\/types\/page"}],"author":[{"embeddable":true,"href":"https:\/\/gpmsv.com\/gestionpatrimonios\/wp-json\/wp\/v2\/users\/1"}],"replies":[{"embeddable":true,"href":"https:\/\/gpmsv.com\/gestionpatrimonios\/wp-json\/wp\/v2\/comments?post=3342"}],"version-history":[{"count":30,"href":"https:\/\/gpmsv.com\/gestionpatrimonios\/wp-json\/wp\/v2\/pages\/3342\/revisions"}],"predecessor-version":[{"id":8293,"href":"https:\/\/gpmsv.com\/gestionpatrimonios\/wp-json\/wp\/v2\/pages\/3342\/revisions\/8293"}],"wp:attachment":[{"href":"https:\/\/gpmsv.com\/gestionpatrimonios\/wp-json\/wp\/v2\/media?parent=3342"}],"curies":[{"name":"wp","href":"https:\/\/api.w.org\/{rel}","templated":true}]}}